{"id":1578,"date":"2019-03-25T23:08:33","date_gmt":"2019-03-25T22:08:33","guid":{"rendered":"http:\/\/rheinhessen-imker.de\/?page_id=1578"},"modified":"2023-12-15T11:22:03","modified_gmt":"2023-12-15T10:22:03","slug":"honig-zu-verkaufen","status":"publish","type":"page","link":"https:\/\/rheinhessen-imker.de\/?page_id=1578","title":{"rendered":"Honig zu verkaufen"},"content":{"rendered":"<p><strong>Bl\u00fctenhonig<\/strong><\/p>\n<p><a href=\"https:\/\/rheinhessen-imker.de\/?attachment_id=1664\" rel=\"attachment wp-att-1664\"><img loading=\"lazy\" decoding=\"async\" data-attachment-id=\"1664\" data-permalink=\"https:\/\/rheinhessen-imker.de\/?attachment_id=1664\" data-orig-file=\"https:\/\/rheinhessen-imker.de\/wp-content\/uploads\/2019\/11\/Bl\u00fctenhonig-2019-Front.jpg\" data-orig-size=\"2845,3387\" data-comments-opened=\"1\" data-image-meta=\"{&quot;aperture&quot;:&quot;2.2&quot;,&quot;credit&quot;:&quot;&quot;,&quot;camera&quot;:&quot;iPhone SE&quot;,&quot;caption&quot;:&quot;&quot;,&quot;created_timestamp&quot;:&quot;1574429670&quot;,&quot;copyright&quot;:&quot;&quot;,&quot;focal_length&quot;:&quot;4.15&quot;,&quot;iso&quot;:&quot;64&quot;,&quot;shutter_speed&quot;:&quot;0.03030303030303&quot;,&quot;title&quot;:&quot;&quot;,&quot;orientation&quot;:&quot;0&quot;}\" data-image-title=\"Bl\u00fctenhonig 2019 Front\" data-image-description=\"\" data-image-caption=\"\" data-medium-file=\"https:\/\/rheinhessen-imker.de\/wp-content\/uploads\/2019\/11\/Bl\u00fctenhonig-2019-Front-252x300.jpg\" data-large-file=\"https:\/\/rheinhessen-imker.de\/wp-content\/uploads\/2019\/11\/Bl\u00fctenhonig-2019-Front-860x1024.jpg\" class=\"alignleft size-thumbnail wp-image-1664\" src=\"https:\/\/rheinhessen-imker.de\/wp-content\/uploads\/2019\/11\/Bl\u00fctenhonig-2019-Front-126x150.jpg\" alt=\"\" width=\"126\" height=\"150\" srcset=\"https:\/\/rheinhessen-imker.de\/wp-content\/uploads\/2019\/11\/Bl\u00fctenhonig-2019-Front-126x150.jpg 126w, https:\/\/rheinhessen-imker.de\/wp-content\/uploads\/2019\/11\/Bl\u00fctenhonig-2019-Front-252x300.jpg 252w, https:\/\/rheinhessen-imker.de\/wp-content\/uploads\/2019\/11\/Bl\u00fctenhonig-2019-Front-768x914.jpg 768w, https:\/\/rheinhessen-imker.de\/wp-content\/uploads\/2019\/11\/Bl\u00fctenhonig-2019-Front-860x1024.jpg 860w, https:\/\/rheinhessen-imker.de\/wp-content\/uploads\/2019\/11\/Bl\u00fctenhonig-2019-Front-700x833.jpg 700w\" sizes=\"auto, (max-width: 126px) 100vw, 126px\" \/><\/a><a href=\"https:\/\/rheinhessen-imker.de\/?attachment_id=1665\" rel=\"attachment wp-att-1665\"><img loading=\"lazy\" decoding=\"async\" data-attachment-id=\"1665\" data-permalink=\"https:\/\/rheinhessen-imker.de\/?attachment_id=1665\" data-orig-file=\"https:\/\/rheinhessen-imker.de\/wp-content\/uploads\/2019\/11\/Bl\u00fctenhonig-2019-Seite.jpg\" data-orig-size=\"2898,3848\" data-comments-opened=\"1\" data-image-meta=\"{&quot;aperture&quot;:&quot;2.2&quot;,&quot;credit&quot;:&quot;&quot;,&quot;camera&quot;:&quot;iPhone SE&quot;,&quot;caption&quot;:&quot;&quot;,&quot;created_timestamp&quot;:&quot;1574429684&quot;,&quot;copyright&quot;:&quot;&quot;,&quot;focal_length&quot;:&quot;4.15&quot;,&quot;iso&quot;:&quot;125&quot;,&quot;shutter_speed&quot;:&quot;0.03030303030303&quot;,&quot;title&quot;:&quot;&quot;,&quot;orientation&quot;:&quot;0&quot;}\" data-image-title=\"Bl\u00fctenhonig 2019 Seite\" data-image-description=\"\" data-image-caption=\"\" data-medium-file=\"https:\/\/rheinhessen-imker.de\/wp-content\/uploads\/2019\/11\/Bl\u00fctenhonig-2019-Seite-226x300.jpg\" data-large-file=\"https:\/\/rheinhessen-imker.de\/wp-content\/uploads\/2019\/11\/Bl\u00fctenhonig-2019-Seite-771x1024.jpg\" class=\"alignleft size-thumbnail wp-image-1665\" src=\"https:\/\/rheinhessen-imker.de\/wp-content\/uploads\/2019\/11\/Bl\u00fctenhonig-2019-Seite-113x150.jpg\" alt=\"\" width=\"113\" height=\"150\" srcset=\"https:\/\/rheinhessen-imker.de\/wp-content\/uploads\/2019\/11\/Bl\u00fctenhonig-2019-Seite-113x150.jpg 113w, https:\/\/rheinhessen-imker.de\/wp-content\/uploads\/2019\/11\/Bl\u00fctenhonig-2019-Seite-226x300.jpg 226w, https:\/\/rheinhessen-imker.de\/wp-content\/uploads\/2019\/11\/Bl\u00fctenhonig-2019-Seite-768x1020.jpg 768w, https:\/\/rheinhessen-imker.de\/wp-content\/uploads\/2019\/11\/Bl\u00fctenhonig-2019-Seite-771x1024.jpg 771w, https:\/\/rheinhessen-imker.de\/wp-content\/uploads\/2019\/11\/Bl\u00fctenhonig-2019-Seite-700x929.jpg 700w\" sizes=\"auto, (max-width: 113px) 100vw, 113px\" \/><\/a>Die erste Schleuderung dieses Jahr war aufgrund der Eintragsverh\u00e4ltnisse erst Anfang Juni und nicht Ende Mai wie die letzten Jahre. Daher haben wir uns f\u00fcr den Namen Bl\u00fctenhonig statt Fr\u00fchlingsbl\u00fcte entschieden &#8211; auch wenn ganz viel Fr\u00fchling in diesen Gl\u00e4sern steckt \ud83d\ude42<\/p>\n<p>Ein geschmacklich sehr runder, harmonischer Honig.<\/p>\n<p>Die Konsistenz des Honigs ist cremig.<\/p>\n<p>&nbsp;<\/p>\n<p><strong>Sommerbl\u00fcte<\/strong><\/p>\n<p><a href=\"https:\/\/rheinhessen-imker.de\/?attachment_id=1667\" rel=\"attachment wp-att-1667\"><img loading=\"lazy\" decoding=\"async\" data-attachment-id=\"1667\" data-permalink=\"https:\/\/rheinhessen-imker.de\/?attachment_id=1667\" data-orig-file=\"https:\/\/rheinhessen-imker.de\/wp-content\/uploads\/2019\/11\/2019-Lindenhonig-mit-Sommertracht-Seite.jpg\" data-orig-size=\"2777,3412\" data-comments-opened=\"1\" data-image-meta=\"{&quot;aperture&quot;:&quot;2.2&quot;,&quot;credit&quot;:&quot;&quot;,&quot;camera&quot;:&quot;iPhone SE&quot;,&quot;caption&quot;:&quot;&quot;,&quot;created_timestamp&quot;:&quot;1574429536&quot;,&quot;copyright&quot;:&quot;&quot;,&quot;focal_length&quot;:&quot;4.15&quot;,&quot;iso&quot;:&quot;64&quot;,&quot;shutter_speed&quot;:&quot;0.03030303030303&quot;,&quot;title&quot;:&quot;&quot;,&quot;orientation&quot;:&quot;0&quot;}\" data-image-title=\"2019 Lindenhonig mit Sommertracht Seite\" data-image-description=\"\" data-image-caption=\"\" data-medium-file=\"https:\/\/rheinhessen-imker.de\/wp-content\/uploads\/2019\/11\/2019-Lindenhonig-mit-Sommertracht-Seite-244x300.jpg\" data-large-file=\"https:\/\/rheinhessen-imker.de\/wp-content\/uploads\/2019\/11\/2019-Lindenhonig-mit-Sommertracht-Seite-833x1024.jpg\" class=\"alignleft size-thumbnail wp-image-1667\" src=\"https:\/\/rheinhessen-imker.de\/wp-content\/uploads\/2019\/11\/2019-Lindenhonig-mit-Sommertracht-Seite-122x150.jpg\" alt=\"\" width=\"122\" height=\"150\" srcset=\"https:\/\/rheinhessen-imker.de\/wp-content\/uploads\/2019\/11\/2019-Lindenhonig-mit-Sommertracht-Seite-122x150.jpg 122w, https:\/\/rheinhessen-imker.de\/wp-content\/uploads\/2019\/11\/2019-Lindenhonig-mit-Sommertracht-Seite-244x300.jpg 244w, https:\/\/rheinhessen-imker.de\/wp-content\/uploads\/2019\/11\/2019-Lindenhonig-mit-Sommertracht-Seite-768x944.jpg 768w, https:\/\/rheinhessen-imker.de\/wp-content\/uploads\/2019\/11\/2019-Lindenhonig-mit-Sommertracht-Seite-833x1024.jpg 833w, https:\/\/rheinhessen-imker.de\/wp-content\/uploads\/2019\/11\/2019-Lindenhonig-mit-Sommertracht-Seite-700x860.jpg 700w\" sizes=\"auto, (max-width: 122px) 100vw, 122px\" \/><\/a>Diese Sommer-Schleuderung von Ende Juli beinhaltet alle m\u00f6glichen Nektarquellen, die unsere Bienen im Juni und Juli gefunden hatten.<\/p>\n<p>Ein leckerer, w\u00fcrziger Honig, mit harmonischem S\u00fc\u00dfe\/S\u00e4ure Verh\u00e4ltnis.<\/p>\n<p>Die Konsistenz des Honigs ist fest, aber gut streichbar.<\/p>\n<p>&nbsp;<\/p>\n<p>&nbsp;<\/p>\n<hr \/>\n<p><strong>Ein 500g Glas kostet 7,50 \u20ac<\/strong><\/p>\n<p><strong>Darin enthalten sind schon 50 Cent Pfand f\u00fcr das Glas. Diese werden bei R\u00fcckgabe von Glas und Deckel verrechnet.\u00a0<\/strong><\/p>\n<p><strong>Setzen Sie sich bei Interesse gerne mit uns <a title=\"Impressum\" href=\"https:\/\/rheinhessen-imker.de\/?page_id=113\">in Verbindung<\/a>, auch ein wohlverpacktes Versenden des Honigs ist nach Absprache m\u00f6glich.<\/strong><\/p>\n","protected":false},"excerpt":{"rendered":"<p>Bl\u00fctenhonig Die erste Schleuderung dieses Jahr war aufgrund der Eintragsverh\u00e4ltnisse erst Anfang Juni und nicht Ende Mai wie die letzten Jahre. Daher haben wir uns f\u00fcr den Namen Bl\u00fctenhonig statt Fr\u00fchlingsbl\u00fcte entschieden &#8211; auch wenn ganz viel Fr\u00fchling in diesen Gl\u00e4sern steckt \ud83d\ude42 Ein geschmacklich sehr runder, harmonischer Honig. Die &#8230;<\/p>\n","protected":false},"author":2,"featured_media":1574,"parent":0,"menu_order":4,"comment_status":"closed","ping_status":"closed","template":"","meta":{"footnotes":""},"class_list":["post-1578","page","type-page","status-publish","has-post-thumbnail","hentry","column","twocol","has-thumbnail"],"jetpack_sharing_enabled":true,"jetpack_shortlink":"https:\/\/wp.me\/P5t9Ps-ps","_links":{"self":[{"href":"https:\/\/rheinhessen-imker.de\/index.php?rest_route=\/wp\/v2\/pages\/1578","targetHints":{"allow":["GET"]}}],"collection":[{"href":"https:\/\/rheinhessen-imker.de\/index.php?rest_route=\/wp\/v2\/pages"}],"about":[{"href":"https:\/\/rheinhessen-imker.de\/index.php?rest_route=\/wp\/v2\/types\/page"}],"author":[{"embeddable":true,"href":"https:\/\/rheinhessen-imker.de\/index.php?rest_route=\/wp\/v2\/users\/2"}],"replies":[{"embeddable":true,"href":"https:\/\/rheinhessen-imker.de\/index.php?rest_route=%2Fwp%2Fv2%2Fcomments&post=1578"}],"version-history":[{"count":11,"href":"https:\/\/rheinhessen-imker.de\/index.php?rest_route=\/wp\/v2\/pages\/1578\/revisions"}],"predecessor-version":[{"id":1949,"href":"https:\/\/rheinhessen-imker.de\/index.php?rest_route=\/wp\/v2\/pages\/1578\/revisions\/1949"}],"wp:featuredmedia":[{"embeddable":true,"href":"https:\/\/rheinhessen-imker.de\/index.php?rest_route=\/wp\/v2\/media\/1574"}],"wp:attachment":[{"href":"https:\/\/rheinhessen-imker.de\/index.php?rest_route=%2Fwp%2Fv2%2Fmedia&parent=1578"}],"curies":[{"name":"wp","href":"https:\/\/api.w.org\/{rel}","templated":true}]}}