{"id":2,"date":"2014-01-21T18:48:14","date_gmt":"2014-01-21T17:48:14","guid":{"rendered":"http:\/\/localhost\/wordpress-3.8\/wordpress\/?page_id=2"},"modified":"2020-12-31T14:53:18","modified_gmt":"2020-12-31T13:53:18","slug":"home-2-2","status":"publish","type":"page","link":"https:\/\/rheinhessen-imker.de\/","title":{"rendered":"Willkommen"},"content":{"rendered":"<p>Wir betreiben seit 2013 eine Hobby-Imkerei mit wenigen V\u00f6lkern in Rheinhessen. Unsere Bienen stehen in einem Naturschutzgebiet in den N\u00e4he von Heidesheim am Rhein. Wir selber wohnen nur einen Ort entfernt, in Ingelheim.<\/p>\n<p>\u00dcber den Verlauf und die unterschiedlichen Aktivit\u00e4ten im Jahr m\u00f6chten wir hier etwas erz\u00e4hlen.<\/p>\n<p>Wir arbeiten nach den Richtlinien des D.I.B. (Deutscher Imker Bund, siehe Links), zB bek\u00e4mpfen wir die Varroamilbe nach dessen Vorgaben und halten uns an die strengeren Richtlinien f\u00fcr den Honig.<\/p>\n<p>Auch der Erwerb von Honig ist \u00fcber die Website m\u00f6glich. Dabei ist und bleibt es nat\u00fcrlich immer besonders sch\u00f6n, wenn man interessierte Menschen auch pers\u00f6nlich treffen kann! Wir freuen uns \u00fcber unser regionales Rheinhessisches Produkt, von dem wir in 2014 erstmalig zwei unterschiedliche Sorten zum Verkauf hatten.<\/p>\n<p>In 2015 haben wir 5 unterschiedliche Sorten geerntet, eine tolle F\u00fchrung durch die Fr\u00fchlings- und Sommermonate in unserer Region. Von der sanften Rapsbl\u00fcte \u00fcber immer etwas kr\u00e4ftiger werdende Fr\u00fchlings- und Wildbl\u00fctenhonige, eine leckere Sommerbl\u00fcte bis zuletzt zum sehr sch\u00f6nen dunklen Wald- und Bl\u00fctenhonig.<\/p>\n<p>In 2016 und dem Gro\u00dfteil von 2017 haben wir die Imkerei etwas &#8222;nebenbei&#8220; gef\u00fchrt und auf die Notwendigkeiten beschr\u00e4nkt, ein Hausumbau und schlie\u00dflich Umzug dorthin haben unsere Freizeit nahezu vollst\u00e4ndig ausgef\u00fcllt.<\/p>\n<p>In der Saison 2018 widmeten wir den Bienen wieder mehr Zeit. Es war ein sehr trockenes Jahr, aber speziell aus der Fr\u00fchlingsbl\u00fcte durften wir reichlich Honig ernten, und auch der Sommerhonig war nicht zu wenig und SEHR lecker. Wir haben eine Analyse davon machen lassen &#8211; und bekamen die interessante Namensempfehlung &#8222;Sommertracht mit G\u00f6tterbaum&#8220;.<\/p>\n<p>In der Saison 2019 waren wir mit der Entwicklung unserer Bienen auch sehr zufrieden. \u00c4hnlich wie 2018 war es zum Teil ziemlich trocken, aber die Bienen waren zufrieden und sind gut durch das Bienenjahr gekommen. Einiges gab es auch an unserer Bienenh\u00fctte und dem Zaun zu arbeiten, nicht nur die Tiere selber halten einen auf Trab \ud83d\ude42<\/p>\n<p>Wie aus den vorherigen Beschreibungen schon hervorgeht sind unsere Honige jedes Jahr etwas unterschiedlich &#8211; und auch immer nur in begrenzter Menge verf\u00fcgbar. Auf unserer Seite &#8222;<a href=\"https:\/\/rheinhessen-imker.de\/?page_id=1578\">Honig zu verkaufen<\/a>&#8220; beschreiben wir die aktuell verf\u00fcgbaren Sorten nach bestem Wissen und Gewissen. Sagen wir mal so -es ist gar nicht so leicht, Geruch und Geschmack in Worte zu fassen!<\/p>\n<p>Kontaktieren Sie uns einfach \u00fcber die M\u00f6glichkeiten im <a href=\"https:\/\/rheinhessen-imker.de\/?page_id=113\">Impressum<\/a>! Wir freuen uns!<\/p>\n<p style=\"text-align: center;\"><strong><u>Wenn Sie in Rheinhessen (insb. in Mainz, Budenheim,\u00a0Heidesheim, Wackernheim, Uhlerborn\u00a0oder Ingelheim) einen Bienenschwarm sehen, k\u00f6nnen Sie uns gerne \u00a0kontaktieren (Tel.: 06132-9735172) &#8211; wenn m\u00f6glich fangen wir ihn ein!<\/u><\/strong><\/p>\n","protected":false},"excerpt":{"rendered":"<p>Wir betreiben seit 2013 eine Hobby-Imkerei mit wenigen V\u00f6lkern in Rheinhessen. Unsere Bienen stehen in einem Naturschutzgebiet in den N\u00e4he von Heidesheim am Rhein. Wir selber wohnen nur einen Ort entfernt, in Ingelheim. \u00dcber den Verlauf und die unterschiedlichen Aktivit\u00e4ten im Jahr m\u00f6chten wir hier etwas erz\u00e4hlen. Wir arbeiten nach &#8230;<\/p>\n","protected":false},"author":1,"featured_media":0,"parent":1805,"menu_order":0,"comment_status":"closed","ping_status":"closed","template":"","meta":{"footnotes":""},"class_list":["post-2","page","type-page","status-publish","hentry","column","twocol"],"jetpack_sharing_enabled":true,"jetpack_shortlink":"https:\/\/wp.me\/P5t9Ps-2","_links":{"self":[{"href":"https:\/\/rheinhessen-imker.de\/index.php?rest_route=\/wp\/v2\/pages\/2","targetHints":{"allow":["GET"]}}],"collection":[{"href":"https:\/\/rheinhessen-imker.de\/index.php?rest_route=\/wp\/v2\/pages"}],"about":[{"href":"https:\/\/rheinhessen-imker.de\/index.php?rest_route=\/wp\/v2\/types\/page"}],"author":[{"embeddable":true,"href":"https:\/\/rheinhessen-imker.de\/index.php?rest_route=\/wp\/v2\/users\/1"}],"replies":[{"embeddable":true,"href":"https:\/\/rheinhessen-imker.de\/index.php?rest_route=%2Fwp%2Fv2%2Fcomments&post=2"}],"version-history":[{"count":16,"href":"https:\/\/rheinhessen-imker.de\/index.php?rest_route=\/wp\/v2\/pages\/2\/revisions"}],"predecessor-version":[{"id":1715,"href":"https:\/\/rheinhessen-imker.de\/index.php?rest_route=\/wp\/v2\/pages\/2\/revisions\/1715"}],"up":[{"embeddable":true,"href":"https:\/\/rheinhessen-imker.de\/index.php?rest_route=\/wp\/v2\/posts\/1805"}],"wp:attachment":[{"href":"https:\/\/rheinhessen-imker.de\/index.php?rest_route=%2Fwp%2Fv2%2Fmedia&parent=2"}],"curies":[{"name":"wp","href":"https:\/\/api.w.org\/{rel}","templated":true}]}}