{"id":21,"date":"2014-01-21T19:25:22","date_gmt":"2014-01-21T19:25:22","guid":{"rendered":"http:\/\/rheinhessen-imker.de\/?page_id=21"},"modified":"2017-06-30T21:35:47","modified_gmt":"2017-06-30T20:35:47","slug":"links","status":"publish","type":"page","link":"https:\/\/rheinhessen-imker.de\/?page_id=21","title":{"rendered":"Links"},"content":{"rendered":"<p>Hier ein paar interessante Links:<\/p>\n<p><a title=\"Deutscher Imkerbund (DIB)\" href=\"http:\/\/www.deutscherimkerbund.de\/index.php?start\" target=\"_blank\">Deutscher Imkerbund<\/a><\/p>\n<p><a title=\"Beespace\" href=\"http:\/\/www.homecrossing.de\/beespace\/\" target=\"_blank\">Beespace<\/a><br \/>\neine Seite um den Flugradius seiner Bienen auf einer Landkarte zu visualisieren.<\/p>\n<p><a title=\"Bienenkunde RLP\" href=\"http:\/\/www.google.de\/url?sa=t&amp;rct=j&amp;q=&amp;esrc=s&amp;source=web&amp;cd=1&amp;cad=rja&amp;ved=0CC8QFjAA&amp;url=http%3A%2F%2Fwww.bienenkunde.rlp.de%2F&amp;ei=RiLoUojQKoTVswbnx4CIDw&amp;usg=AFQjCNEIvRi_OCO43zDFUMakaSW_HYefzw&amp;bvm=bv.60157871,d.Yms\" target=\"_blank\">Bienenkunde RLP<\/a><br \/>\ndie Webseite des Fachzentrums f\u00fcr Bienen und Imkerei aus Mayen. Es gibt hier zB einen interessanten Infobrief, der 14-t\u00e4gig erscheint. Und das Varroawetter &#8211; um f\u00fcr seine PLZ aufgrund der Wettervorhersage Empfehlungen f\u00fcr die Behandlungen zu bekommen. Gro\u00dfartige Hilfe.<\/p>\n<p>&nbsp;<\/p>\n<p>Und ein paar B\u00fccher, die wir gut finden:<\/p>\n<ul>\n<li>&#8222;1 x 1 des Imkerns&#8220; von Dr. Friedrich Pohl<\/li>\n<li>&#8222;Einfach Imkern&#8220; von Dr. Gerhard Liebig<\/li>\n<li>&#8222;Varroose&#8220; von Dr. Friedrich Pohl<\/li>\n<li>&#8222;Ph\u00e4nomen Honigbiene&#8220; von J\u00fcrgen Tautz<\/li>\n<li>&#8222;A Book of Bees&#8220; von Sue Hubbell (eine Erz\u00e4hlung, kein Fachbuch)<\/li>\n<\/ul>\n<p>&nbsp;<\/p>\n","protected":false},"excerpt":{"rendered":"<p>Hier ein paar interessante Links: Deutscher Imkerbund Beespace eine Seite um den Flugradius seiner Bienen auf einer Landkarte zu visualisieren. Bienenkunde RLP die Webseite des Fachzentrums f\u00fcr Bienen und Imkerei aus Mayen. Es gibt hier zB einen interessanten Infobrief, der 14-t\u00e4gig erscheint. Und das Varroawetter &#8211; um f\u00fcr seine PLZ &#8230;<\/p>\n","protected":false},"author":1,"featured_media":0,"parent":0,"menu_order":6,"comment_status":"closed","ping_status":"closed","template":"","meta":{"footnotes":""},"class_list":["post-21","page","type-page","status-publish","hentry","column","twocol"],"jetpack_sharing_enabled":true,"jetpack_shortlink":"https:\/\/wp.me\/P5t9Ps-l","_links":{"self":[{"href":"https:\/\/rheinhessen-imker.de\/index.php?rest_route=\/wp\/v2\/pages\/21","targetHints":{"allow":["GET"]}}],"collection":[{"href":"https:\/\/rheinhessen-imker.de\/index.php?rest_route=\/wp\/v2\/pages"}],"about":[{"href":"https:\/\/rheinhessen-imker.de\/index.php?rest_route=\/wp\/v2\/types\/page"}],"author":[{"embeddable":true,"href":"https:\/\/rheinhessen-imker.de\/index.php?rest_route=\/wp\/v2\/users\/1"}],"replies":[{"embeddable":true,"href":"https:\/\/rheinhessen-imker.de\/index.php?rest_route=%2Fwp%2Fv2%2Fcomments&post=21"}],"version-history":[{"count":16,"href":"https:\/\/rheinhessen-imker.de\/index.php?rest_route=\/wp\/v2\/pages\/21\/revisions"}],"predecessor-version":[{"id":1349,"href":"https:\/\/rheinhessen-imker.de\/index.php?rest_route=\/wp\/v2\/pages\/21\/revisions\/1349"}],"wp:attachment":[{"href":"https:\/\/rheinhessen-imker.de\/index.php?rest_route=%2Fwp%2Fv2%2Fmedia&parent=21"}],"curies":[{"name":"wp","href":"https:\/\/api.w.org\/{rel}","templated":true}]}}